{"id":1396,"date":"2026-03-20T15:08:18","date_gmt":"2026-03-20T14:08:18","guid":{"rendered":"https:\/\/clinicanow.pt\/preguntas-mas-frecuentes\/"},"modified":"2026-03-20T15:46:39","modified_gmt":"2026-03-20T14:46:39","slug":"preguntas-mas-frecuentes","status":"publish","type":"page","link":"https:\/\/clinicanow.pt\/es\/preguntas-mas-frecuentes\/","title":{"rendered":"Preguntas m\u00e1s frecuentes"},"content":{"rendered":"\t\t<div data-elementor-type=\"wp-page\" data-elementor-id=\"1396\" class=\"elementor elementor-1396 elementor-1362\" data-elementor-post-type=\"page\">\n\t\t\t\t<div class=\"elementor-element elementor-element-13ec687 e-flex e-con-boxed e-con e-parent\" data-id=\"13ec687\" data-element_type=\"container\" data-e-type=\"container\" data-settings=\"{&quot;background_background&quot;:&quot;classic&quot;}\">\n\t\t\t\t\t<div class=\"e-con-inner\">\n\t\t\t\t<div class=\"elementor-element elementor-element-6213bbb elementor-widget__width-initial elementor-widget elementor-widget-heading\" data-id=\"6213bbb\" data-element_type=\"widget\" data-e-type=\"widget\" data-widget_type=\"heading.default\">\n\t\t\t\t<div class=\"elementor-widget-container\">\n\t\t\t\t\t<h2 class=\"elementor-heading-title elementor-size-default\">Preguntas m\u00e1s frecuentes<\/h2>\t\t\t\t<\/div>\n\t\t\t\t<\/div>\n\t\t\t\t<div class=\"elementor-element elementor-element-e59d09e elementor-widget__width-initial elementor-absolute elementor-widget elementor-widget-image\" data-id=\"e59d09e\" data-element_type=\"widget\" data-e-type=\"widget\" data-settings=\"{&quot;_position&quot;:&quot;absolute&quot;}\" data-widget_type=\"image.default\">\n\t\t\t\t<div class=\"elementor-widget-container\">\n\t\t\t\t\t\t\t\t\t\t\t\t\t\t\t<img decoding=\"async\" width=\"175\" height=\"119\" src=\"https:\/\/clinicanow.pt\/wp-content\/uploads\/2025\/01\/Objeto-inteligente-vectorial.png\" class=\"attachment-large size-large wp-image-49\" alt=\"\" \/>\t\t\t\t\t\t\t\t\t\t\t\t\t\t\t<\/div>\n\t\t\t\t<\/div>\n\t\t\t\t\t<\/div>\n\t\t\t\t<\/div>\n\t\t<div class=\"elementor-element elementor-element-8fbd66a e-flex e-con-boxed e-con e-parent\" data-id=\"8fbd66a\" data-element_type=\"container\" data-e-type=\"container\" data-settings=\"{&quot;background_background&quot;:&quot;classic&quot;}\">\n\t\t\t\t\t<div class=\"e-con-inner\">\n\t\t\t\t<div class=\"elementor-element elementor-element-a42cce7 elementor-widget elementor-widget-qi_addons_for_elementor_faq\" data-id=\"a42cce7\" data-element_type=\"widget\" data-e-type=\"widget\" data-widget_type=\"qi_addons_for_elementor_faq.default\">\n\t\t\t\t<div class=\"elementor-widget-container\">\n\t\t\t\t\t<div class=\"qodef-shortcode qodef-m qodef-qi-faq qodef-qi-clear qodef-behavior--none qodef-layout--simple qodef-style--standard\">\n\t<h2 class=\"qodef-e-title-holder\">\n\t<span class=\"qodef-e-title\">\n\t\t\t\t\u00bfEst\u00e1 Cl\u00ednica Now inscrita en el ERS?\t<\/span>\n\t<\/h2>\n<div class=\"qodef-e-content\">\n\t<div class=\"qodef-e-content-inner\">\n\t\t<p><span style=\"font-weight: 400\">S\u00ed. El n\u00famero de registro ERS de la cl\u00ednica de Cascais es 23717\/2023 y el de la cl\u00ednica de Vilamoura es 21748\/2022. <\/span><\/p>\t<\/div>\n<\/div>\n<h2 class=\"qodef-e-title-holder\">\n\t<span class=\"qodef-e-title\">\n\t\t\t\t\u00bfLos profesionales son m\u00e9dicos?\t<\/span>\n\t<\/h2>\n<div class=\"qodef-e-content\">\n\t<div class=\"qodef-e-content-inner\">\n\t\t<p><span style=\"font-weight: 400\">S\u00ed, el Dr. Abraham Valencia es m\u00e9dico inscrito en el SRNOM con el n\u00famero 52401, con competencia en Medicina Est\u00e9tica.<\/span><\/p>\t<\/div>\n<\/div>\n<h2 class=\"qodef-e-title-holder\">\n\t<span class=\"qodef-e-title\">\n\t\t\t\t\u00bfQu\u00e9 tipo de procedimientos se llevan a cabo en la cl\u00ednica?\t<\/span>\n\t<\/h2>\n<div class=\"qodef-e-content\">\n\t<div class=\"qodef-e-content-inner\">\n\t\t<p><span style=\"font-weight: 400\">La Cl\u00ednica Now realiza medicina est\u00e9tica, cirug\u00eda est\u00e9tica y procedimientos est\u00e9ticos avanzados.<\/span><\/p>\t<\/div>\n<\/div>\n<h2 class=\"qodef-e-title-holder\">\n\t<span class=\"qodef-e-title\">\n\t\t\t\t\u00bfD\u00f3nde est\u00e1n las cl\u00ednicas Clinica Now?\t<\/span>\n\t<\/h2>\n<div class=\"qodef-e-content\">\n\t<div class=\"qodef-e-content-inner\">\n\t\t<p><span style=\"font-weight: 400\">Tenemos cl\u00ednicas en Cascais (Lisboa) y Vilamoura (Algarve). Para saber d\u00f3nde se encuentran, s\u00f3lo tienes que ir a contactos o buscar en <\/span><a href=\"https:\/\/www.google.com\/cl%C3%ADnicanow\" target=\"_blank\" rel=\"noopener\"><span style=\"font-weight: 400\">www.google.com\/cl\u00ednicanow<\/span><\/a><\/p>\t<\/div>\n<\/div>\n<h2 class=\"qodef-e-title-holder\">\n\t<span class=\"qodef-e-title\">\n\t\t\t\t\u00bfC\u00f3mo puedo concertar una cita?\t<\/span>\n\t<\/h2>\n<div class=\"qodef-e-content\">\n\t<div class=\"qodef-e-content-inner\">\n\t\t<p><span style=\"font-weight: 400\">Puedes reservar tu cita a trav\u00e9s de los siguientes contactos:  <\/span><\/p><p><span style=\"font-weight: 400\">Cl\u00ednica Now Cascais: (+351) 214060595 - Email: geral@clinicanow.pt<\/span><\/p><p><span style=\"font-weight: 400\">Cl\u00ednica Now Vilamoura: (+351) 932652531 - Email: algarve@clinicanow.pt<\/span><\/p><p><span style=\"font-weight: 400\">Centro de atenci\u00f3n telef\u00f3nica de Cl\u00ednica Now: (+351) 929187219 (disponible para Whats-app)<\/span><\/p><p><span style=\"font-weight: 400\">IG: @clinicanow<\/span><\/p>\t<\/div>\n<\/div>\n<h2 class=\"qodef-e-title-holder\">\n\t<span class=\"qodef-e-title\">\n\t\t\t\t\u00bfC\u00f3mo puedo saber el precio de un tratamiento o intervenci\u00f3n quir\u00fargica?\t<\/span>\n\t<\/h2>\n<div class=\"qodef-e-content\">\n\t<div class=\"qodef-e-content-inner\">\n\t\t<p><span style=\"font-weight: 400\">Existe una lista de precios que incluye el coste de los tratamientos que realizamos en la cl\u00ednica, pero s\u00f3lo podemos darte presupuestos concretos seg\u00fan la recomendaci\u00f3n del m\u00e9dico durante la consulta. Siempre es necesaria una evaluaci\u00f3n m\u00e9dica para determinar tus necesidades y establecer tu plan de tratamiento. <\/span><\/p>\t<\/div>\n<\/div>\n<h2 class=\"qodef-e-title-holder\">\n\t<span class=\"qodef-e-title\">\n\t\t\t\tVivo en el extranjero. \u00bfC\u00f3mo puedo obtener m\u00e1s informaci\u00f3n sobre tratamientos o cirug\u00edas? \u00bfC\u00f3mo puedo acceder a los servicios de la cl\u00ednica?  \t<\/span>\n\t<\/h2>\n<div class=\"qodef-e-content\">\n\t<div class=\"qodef-e-content-inner\">\n\t\t<p><span style=\"font-weight: 400\">Cl\u00ednica Now tiene un programa llamado \"Cl\u00ednica Now, m\u00e1s cerca\".  <\/span><\/p><p><span style=\"font-weight: 400\">Para las personas que viven fuera de Portugal, o para las que dentro de Portugal est\u00e1n lejos de nuestras cl\u00ednicas, es posible hacer una consulta online. En esta consulta puedes hablar con el m\u00e9dico, aclarar todas tus dudas y recibir instrucciones sobre los pasos a seguir. Despu\u00e9s de esta consulta, se te enviar\u00e1 un presupuesto para el tratamiento o cirug\u00eda indicados por el m\u00e9dico.  <\/span><\/p><p><span style=\"font-weight: 400\">Si aceptas el presupuesto, har\u00e1s un pago inicial del 50% del tratamiento\/cirug\u00eda para que se pueda programar la fecha.<\/span><\/p><p><span style=\"font-weight: 400\">Si es necesario, tendr\u00e1s una segunda cita con el m\u00e9dico para pedir an\u00e1lisis y pruebas preoperatorias para tu operaci\u00f3n.<\/span><\/p><p><span style=\"font-weight: 400\">Estos an\u00e1lisis y pruebas deben enviarse a la cl\u00ednica a m\u00e1s tardar 15 d\u00edas antes de la fecha de la intervenci\u00f3n.<\/span><\/p><p><span style=\"font-weight: 400\">Para realizar los tr\u00e1mites, en algunos casos tendr\u00e1s que concertar una cita en persona, de la que se te informar\u00e1 oportunamente.<\/span><\/p><p><span style=\"font-weight: 400\">El hecho de que realices una consulta online implica que debes mantener los mismos niveles de responsabilidad, calidad y seguridad que en una consulta presencial. Los protocolos son seguidos estrictamente por el equipo de la cl\u00ednica (formado por profesionales cualificados y con experiencia), proporcion\u00e1ndote todo el apoyo que necesites las 24 horas del d\u00eda, todos los d\u00edas de la semana. <\/span><\/p>\t<\/div>\n<\/div>\n<h2 class=\"qodef-e-title-holder\">\n\t<span class=\"qodef-e-title\">\n\t\t\t\t\u00bfLa cl\u00ednica no tiene acuerdos con las compa\u00f1\u00edas de seguros?\t<\/span>\n\t<\/h2>\n<div class=\"qodef-e-content\">\n\t<div class=\"qodef-e-content-inner\">\n\t\t<p><span style=\"font-weight: 400\">Cl\u00ednica Now no tiene actualmente ning\u00fan acuerdo con compa\u00f1\u00edas de seguros. No obstante, debes consultar con tu compa\u00f1\u00eda de seguros o sistema sanitario el posible reembolso de tus gastos, para lo cual estaremos encantados de facilitarte toda la informaci\u00f3n que precises. <\/span><\/p>\t<\/div>\n<\/div>\n<h2 class=\"qodef-e-title-holder\">\n\t<span class=\"qodef-e-title\">\n\t\t\t\t\u00bfEs posible pagar a plazos?\t<\/span>\n\t<\/h2>\n<div class=\"qodef-e-content\">\n\t<div class=\"qodef-e-content-inner\">\n\t\t<p><span style=\"font-weight: 400\">S\u00ed, Cl\u00ednica Now trabaja con Floa y RedUnicre. Puedes pagar tus tratamientos o intervenciones en 3 \u00f3 4 plazos (con Floa) y hasta 6 plazos (con RedUnicre) <\/span><b>sin intereses.<\/b><\/p>\t<\/div>\n<\/div>\n<\/div>\n\t<script type=\"application\/ld+json\">{\"@context\":\"https:\\\/\\\/schema.org\",\"@type\":\"FAQPage\",\"mainEntity\":[{\"@type\":\"Question\",\"name\":\"\\u00bfEst\\u00e1 Cl\\u00ednica Now inscrita en el ERS?\",\"acceptedAnswer\":{\"@type\":\"Answer\",\"text\":\"<p><span style=\\\"font-weight: 400\\\">S\\u00ed. El n\\u00famero de registro ERS de la cl\\u00ednica de Cascais es 23717\\\/2023 y el de la cl\\u00ednica de Vilamoura es 21748\\\/2022. <\\\/span><\\\/p>\"}},{\"@type\":\"Question\",\"name\":\"\\u00bfLos profesionales son m\\u00e9dicos?\",\"acceptedAnswer\":{\"@type\":\"Answer\",\"text\":\"<p><span style=\\\"font-weight: 400\\\">S\\u00ed, el Dr. Abraham Valencia es m\\u00e9dico inscrito en el SRNOM con el n\\u00famero 52401, con competencia en Medicina Est\\u00e9tica.<\\\/span><\\\/p>\"}},{\"@type\":\"Question\",\"name\":\"\\u00bfQu\\u00e9 tipo de procedimientos se llevan a cabo en la cl\\u00ednica?\",\"acceptedAnswer\":{\"@type\":\"Answer\",\"text\":\"<p><span style=\\\"font-weight: 400\\\">La Cl\\u00ednica Now realiza medicina est\\u00e9tica, cirug\\u00eda est\\u00e9tica y procedimientos est\\u00e9ticos avanzados.<\\\/span><\\\/p>\"}},{\"@type\":\"Question\",\"name\":\"\\u00bfD\\u00f3nde est\\u00e1n las cl\\u00ednicas Clinica Now?\",\"acceptedAnswer\":{\"@type\":\"Answer\",\"text\":\"<p><span style=\\\"font-weight: 400\\\">Tenemos cl\\u00ednicas en Cascais (Lisboa) y Vilamoura (Algarve). Para saber d\\u00f3nde se encuentran, s\\u00f3lo tienes que ir a contactos o buscar en <\\\/span><a href=\\\"https:\\\/\\\/www.google.com\\\/cl%C3%ADnicanow\\\" target=\\\"_blank\\\" rel=\\\"noopener\\\"><span style=\\\"font-weight: 400\\\">www.google.com\\\/cl\\u00ednicanow<\\\/span><\\\/a><\\\/p>\"}},{\"@type\":\"Question\",\"name\":\"\\u00bfC\\u00f3mo puedo concertar una cita?\",\"acceptedAnswer\":{\"@type\":\"Answer\",\"text\":\"<p><span style=\\\"font-weight: 400\\\">Puedes reservar tu cita a trav\\u00e9s de los siguientes contactos:  <\\\/span><\\\/p><p><span style=\\\"font-weight: 400\\\">Cl\\u00ednica Now Cascais: (+351) 214060595 - Email: geral@clinicanow.pt<\\\/span><\\\/p><p><span style=\\\"font-weight: 400\\\">Cl\\u00ednica Now Vilamoura: (+351) 932652531 - Email: algarve@clinicanow.pt<\\\/span><\\\/p><p><span style=\\\"font-weight: 400\\\">Centro de atenci\\u00f3n telef\\u00f3nica de Cl\\u00ednica Now: (+351) 929187219 (disponible para Whats-app)<\\\/span><\\\/p><p><span style=\\\"font-weight: 400\\\">IG: @clinicanow<\\\/span><\\\/p>\"}},{\"@type\":\"Question\",\"name\":\"\\u00bfC\\u00f3mo puedo saber el precio de un tratamiento o intervenci\\u00f3n quir\\u00fargica?\",\"acceptedAnswer\":{\"@type\":\"Answer\",\"text\":\"<p><span style=\\\"font-weight: 400\\\">Existe una lista de precios que incluye el coste de los tratamientos que realizamos en la cl\\u00ednica, pero s\\u00f3lo podemos darte presupuestos concretos seg\\u00fan la recomendaci\\u00f3n del m\\u00e9dico durante la consulta. Siempre es necesaria una evaluaci\\u00f3n m\\u00e9dica para determinar tus necesidades y establecer tu plan de tratamiento. <\\\/span><\\\/p>\"}},{\"@type\":\"Question\",\"name\":\"Vivo en el extranjero. \\u00bfC\\u00f3mo puedo obtener m\\u00e1s informaci\\u00f3n sobre tratamientos o cirug\\u00edas? \\u00bfC\\u00f3mo puedo acceder a los servicios de la cl\\u00ednica?  \",\"acceptedAnswer\":{\"@type\":\"Answer\",\"text\":\"<p><span style=\\\"font-weight: 400\\\">Cl\\u00ednica Now tiene un programa llamado \\\"Cl\\u00ednica Now, m\\u00e1s cerca\\\".  <\\\/span><\\\/p><p><span style=\\\"font-weight: 400\\\">Para las personas que viven fuera de Portugal, o para las que dentro de Portugal est\\u00e1n lejos de nuestras cl\\u00ednicas, es posible hacer una consulta online. En esta consulta puedes hablar con el m\\u00e9dico, aclarar todas tus dudas y recibir instrucciones sobre los pasos a seguir. Despu\\u00e9s de esta consulta, se te enviar\\u00e1 un presupuesto para el tratamiento o cirug\\u00eda indicados por el m\\u00e9dico.  <\\\/span><\\\/p><p><span style=\\\"font-weight: 400\\\">Si aceptas el presupuesto, har\\u00e1s un pago inicial del 50% del tratamiento\\\/cirug\\u00eda para que se pueda programar la fecha.<\\\/span><\\\/p><p><span style=\\\"font-weight: 400\\\">Si es necesario, tendr\\u00e1s una segunda cita con el m\\u00e9dico para pedir an\\u00e1lisis y pruebas preoperatorias para tu operaci\\u00f3n.<\\\/span><\\\/p><p><span style=\\\"font-weight: 400\\\">Estos an\\u00e1lisis y pruebas deben enviarse a la cl\\u00ednica a m\\u00e1s tardar 15 d\\u00edas antes de la fecha de la intervenci\\u00f3n.<\\\/span><\\\/p><p><span style=\\\"font-weight: 400\\\">Para realizar los tr\\u00e1mites, en algunos casos tendr\\u00e1s que concertar una cita en persona, de la que se te informar\\u00e1 oportunamente.<\\\/span><\\\/p><p><span style=\\\"font-weight: 400\\\">El hecho de que realices una consulta online implica que debes mantener los mismos niveles de responsabilidad, calidad y seguridad que en una consulta presencial. Los protocolos son seguidos estrictamente por el equipo de la cl\\u00ednica (formado por profesionales cualificados y con experiencia), proporcion\\u00e1ndote todo el apoyo que necesites las 24 horas del d\\u00eda, todos los d\\u00edas de la semana. <\\\/span><\\\/p>\"}},{\"@type\":\"Question\",\"name\":\"\\u00bfLa cl\\u00ednica no tiene acuerdos con las compa\\u00f1\\u00edas de seguros?\",\"acceptedAnswer\":{\"@type\":\"Answer\",\"text\":\"<p><span style=\\\"font-weight: 400\\\">Cl\\u00ednica Now no tiene actualmente ning\\u00fan acuerdo con compa\\u00f1\\u00edas de seguros. No obstante, debes consultar con tu compa\\u00f1\\u00eda de seguros o sistema sanitario el posible reembolso de tus gastos, para lo cual estaremos encantados de facilitarte toda la informaci\\u00f3n que precises. <\\\/span><\\\/p>\"}},{\"@type\":\"Question\",\"name\":\"\\u00bfEs posible pagar a plazos?\",\"acceptedAnswer\":{\"@type\":\"Answer\",\"text\":\"<p><span style=\\\"font-weight: 400\\\">S\\u00ed, Cl\\u00ednica Now trabaja con Floa y RedUnicre. Puedes pagar tus tratamientos o intervenciones en 3 \\u00f3 4 plazos (con Floa) y hasta 6 plazos (con RedUnicre) <\\\/span><b>sin intereses.<\\\/b><\\\/p>\"}}]}<\/script>\n\t\t\t\t<\/div>\n\t\t\t\t<\/div>\n\t\t\t\t\t<\/div>\n\t\t\t\t<\/div>\n\t\t\t\t<\/div>\n\t\t","protected":false},"excerpt":{"rendered":"<p>Preguntas m\u00e1s frecuentes \u00bfEst\u00e1 Cl\u00ednica Now inscrita en el ERS? S\u00ed. El n\u00famero de registro ERS de la cl\u00ednica de Cascais es 23717\/2023 y el de la cl\u00ednica de Vilamoura es 21748\/2022. \u00bfLos profesionales son m\u00e9dicos? S\u00ed, el Dr. Abraham Valencia es m\u00e9dico inscrito en&#8230;<\/p>\n","protected":false},"author":1,"featured_media":0,"parent":0,"menu_order":0,"comment_status":"closed","ping_status":"closed","template":"elementor_header_footer","meta":{"_joinchat":[],"footnotes":""},"class_list":["post-1396","page","type-page","status-publish","hentry"],"_links":{"self":[{"href":"https:\/\/clinicanow.pt\/es\/wp-json\/wp\/v2\/pages\/1396","targetHints":{"allow":["GET"]}}],"collection":[{"href":"https:\/\/clinicanow.pt\/es\/wp-json\/wp\/v2\/pages"}],"about":[{"href":"https:\/\/clinicanow.pt\/es\/wp-json\/wp\/v2\/types\/page"}],"author":[{"embeddable":true,"href":"https:\/\/clinicanow.pt\/es\/wp-json\/wp\/v2\/users\/1"}],"replies":[{"embeddable":true,"href":"https:\/\/clinicanow.pt\/es\/wp-json\/wp\/v2\/comments?post=1396"}],"version-history":[{"count":1,"href":"https:\/\/clinicanow.pt\/es\/wp-json\/wp\/v2\/pages\/1396\/revisions"}],"predecessor-version":[{"id":1397,"href":"https:\/\/clinicanow.pt\/es\/wp-json\/wp\/v2\/pages\/1396\/revisions\/1397"}],"wp:attachment":[{"href":"https:\/\/clinicanow.pt\/es\/wp-json\/wp\/v2\/media?parent=1396"}],"curies":[{"name":"wp","href":"https:\/\/api.w.org\/{rel}","templated":true}]}}