{"id":244,"date":"2025-02-10T17:26:29","date_gmt":"2025-02-10T16:26:29","guid":{"rendered":"https:\/\/clinicanow.pt\/?page_id=244"},"modified":"2026-03-27T16:53:55","modified_gmt":"2026-03-27T15:53:55","slug":"politica-de-cookies","status":"publish","type":"page","link":"https:\/\/clinicanow.pt\/es\/politica-de-cookies\/","title":{"rendered":"Pol\u00edtica de cookies"},"content":{"rendered":"\t\t<div data-elementor-type=\"wp-page\" data-elementor-id=\"244\" class=\"elementor elementor-244\" data-elementor-post-type=\"page\">\n\t\t\t\t<div class=\"elementor-element elementor-element-3191b1d e-flex e-con-boxed e-con e-parent\" data-id=\"3191b1d\" data-element_type=\"container\" data-e-type=\"container\">\n\t\t\t\t\t<div class=\"e-con-inner\">\n\t\t\t\t<div class=\"elementor-element elementor-element-c13c8e9 elementor-widget elementor-widget-heading\" data-id=\"c13c8e9\" data-element_type=\"widget\" data-e-type=\"widget\" data-widget_type=\"heading.default\">\n\t\t\t\t<div class=\"elementor-widget-container\">\n\t\t\t\t\t<h2 class=\"elementor-heading-title elementor-size-default\">Pol\u00edtica de cookies<\/h2>\t\t\t\t<\/div>\n\t\t\t\t<\/div>\n\t\t\t\t<div class=\"elementor-element elementor-element-898f16f elementor-widget elementor-widget-text-editor\" data-id=\"898f16f\" data-element_type=\"widget\" data-e-type=\"widget\" data-widget_type=\"text-editor.default\">\n\t\t\t\t<div class=\"elementor-widget-container\">\n\t\t\t\t\t\t\t\t\t<p>Nuestro sitio web www.clinicanow.co.uk utiliza cookies para mejorar el rendimiento y su experiencia de usuario. En esta p\u00e1gina le explicaremos c\u00f3mo lo hacemos.<\/p><p><strong>\u00bfQU\u00c9 SON LAS COOKIES?<\/strong><\/p><p>Las cookies son peque\u00f1os archivos que se almacenan en su ordenador o dispositivo m\u00f3vil a trav\u00e9s de su navegador. Esto nos permite monitorizar las p\u00e1ginas que ha visitado y sus preferencias.<\/p><p>En el resto de este texto, utilizaremos el t\u00e9rmino cookies para referirnos a todos los archivos que recopilan informaci\u00f3n de esta forma.<\/p><p>Ninguna de las cookies que utilizamos recopila informaci\u00f3n que permita identificar al usuario. Las cookies solo recopilan informaci\u00f3n gen\u00e9rica, como la forma en que los usuarios llegaron a nuestro sitio o la regi\u00f3n del pa\u00eds donde residen, etc.<\/p><p>Las cookies solo conservan informaci\u00f3n relacionada con sus preferencias y nada m\u00e1s.<\/p><p>En cualquier momento, el usuario puede consultar qu\u00e9 cookies est\u00e1n en su ordenador, eliminarlas o bloquear su acceso. Todo esto se realiza directamente en su navegador.<\/p><p>Si bloquea nuestras cookies, es posible que tenga dificultades para acceder a algunas \u00e1reas del sitio.<\/p><p><strong>\u00bfPARA QU\u00c9 SIRVEN LAS COOKIES?<\/strong><\/p><p>Las cookies se utilizan para mejorar tu experiencia de usuario, permitiendo una navegaci\u00f3n m\u00e1s r\u00e1pida y eficiente.<\/p><p>El uso de cookies en internet es habitual y no da\u00f1a los ordenadores de los usuarios. Las cookies cumplen diversas funciones, como ayudar a los propietarios de sitios web a comprender c\u00f3mo se utiliza el sitio, facilitar la navegaci\u00f3n, guardar tus preferencias y, en general, mejorar tu experiencia de usuario, adem\u00e1s de garantizar que el sitio web te muestre contenido relevante.<\/p><p><strong>\u00bfQU\u00c9 TIPOS DE COOKIES SE UTILIZAN EN NUESTRO SITIO?<\/strong><\/p><p>Cookies anal\u00edticas: se utilizan para monitorizar la navegaci\u00f3n en nuestro sitio: n\u00famero de visitantes, p\u00e1ginas m\u00e1s visitadas, tiempo de permanencia, etc.<\/p><p>Cookies funcionales: nos permiten recordar las preferencias de nuestros usuarios.<\/p><p>Todas las cookies que utilizamos pertenecen a dos categor\u00edas:<\/p><p>Cookies persistentes: se almacenan en el navegador de tus dispositivos de acceso (ordenador, m\u00f3vil y tableta) y se utilizan cada vez que visitas uno de nuestros sitios web.<\/p><p>Cookies de sesi\u00f3n: son cookies temporales que permanecen en el archivo de cookies de tu navegador hasta que abandonas el sitio web. La informaci\u00f3n obtenida mediante estas cookies se utiliza para analizar los patrones de tr\u00e1fico web, lo que nos permite identificar problemas y ofrecer una mejor experiencia de navegaci\u00f3n.<\/p><p>Puede encontrar m\u00e1s informaci\u00f3n sobre las cookies en el siguiente enlace: www.allaboutcookies.org<\/p><p>\u00bfC\u00f3mo cambiar las preferencias de cookies?<\/p><p>Para cambiar sus preferencias de cookies, haga clic en el bot\u00f3n a continuaci\u00f3n:<\/p><p><strong>\u00bfQui\u00e9nes somos?<\/strong><\/p><p>Somos el grupo Cl\u00ednica Now, compuesto por varias cl\u00ednicas en Portugal dedicadas a la medicina y cirug\u00eda est\u00e9tica con altos est\u00e1ndares de calidad.<\/p><p>Abrimos nuestras puertas en 2023 con una propuesta de belleza natural, adaptada a las necesidades y expectativas de nuestros clientes, y siempre a la vanguardia tecnol\u00f3gica, respaldada por un equipo humano altamente cualificado. Nos encontramos en Cascais (Lisboa) y Vilamoura (Algarve) y estamos trabajando en la apertura de nuevas sedes estrat\u00e9gicamente ubicadas en todo el pa\u00eds.<\/p><p>Nuestro m\u00e9todo de trabajo nos convierte en una opci\u00f3n \u00fanica en el mercado, y contamos con un distinguido equipo de profesionales reconocidos por su habilidad y profesionalidad.<\/p><p>Realzamos su belleza natural respetando su autenticidad.<\/p><p>Abogamos por una medicina est\u00e9tica coherente y natural, y contamos con la cartera de servicios m\u00e1s variada, adaptada a las necesidades reales de nuestros clientes.<\/p>\t\t\t\t\t\t\t\t<\/div>\n\t\t\t\t<\/div>\n\t\t\t\t\t<\/div>\n\t\t\t\t<\/div>\n\t\t\t\t<\/div>\n\t\t","protected":false},"excerpt":{"rendered":"<p>Pol\u00edtica de cookies Nuestro sitio web www.clinicanow.co.uk utiliza cookies para mejorar el rendimiento y su experiencia de usuario. En esta p\u00e1gina le explicaremos c\u00f3mo lo hacemos. \u00bfQU\u00c9 SON LAS COOKIES? Las cookies son peque\u00f1os archivos que se almacenan en su ordenador o dispositivo m\u00f3vil a&#8230;<\/p>\n","protected":false},"author":1,"featured_media":0,"parent":0,"menu_order":0,"comment_status":"closed","ping_status":"closed","template":"","meta":{"_joinchat":[],"footnotes":""},"class_list":["post-244","page","type-page","status-publish","hentry"],"_links":{"self":[{"href":"https:\/\/clinicanow.pt\/es\/wp-json\/wp\/v2\/pages\/244","targetHints":{"allow":["GET"]}}],"collection":[{"href":"https:\/\/clinicanow.pt\/es\/wp-json\/wp\/v2\/pages"}],"about":[{"href":"https:\/\/clinicanow.pt\/es\/wp-json\/wp\/v2\/types\/page"}],"author":[{"embeddable":true,"href":"https:\/\/clinicanow.pt\/es\/wp-json\/wp\/v2\/users\/1"}],"replies":[{"embeddable":true,"href":"https:\/\/clinicanow.pt\/es\/wp-json\/wp\/v2\/comments?post=244"}],"version-history":[{"count":6,"href":"https:\/\/clinicanow.pt\/es\/wp-json\/wp\/v2\/pages\/244\/revisions"}],"predecessor-version":[{"id":1477,"href":"https:\/\/clinicanow.pt\/es\/wp-json\/wp\/v2\/pages\/244\/revisions\/1477"}],"wp:attachment":[{"href":"https:\/\/clinicanow.pt\/es\/wp-json\/wp\/v2\/media?parent=244"}],"curies":[{"name":"wp","href":"https:\/\/api.w.org\/{rel}","templated":true}]}}