{"id":764,"date":"2025-08-01T14:44:39","date_gmt":"2025-08-01T12:44:39","guid":{"rendered":"https:\/\/clinicanow.pt\/?page_id=764"},"modified":"2025-08-01T14:49:56","modified_gmt":"2025-08-01T12:49:56","slug":"blog","status":"publish","type":"page","link":"https:\/\/clinicanow.pt\/es\/blog\/","title":{"rendered":"Blog"},"content":{"rendered":"\t\t<div data-elementor-type=\"wp-page\" data-elementor-id=\"764\" class=\"elementor elementor-764\" data-elementor-post-type=\"page\">\n\t\t\t\t<div class=\"elementor-element elementor-element-f21dd98 e-flex e-con-boxed e-con e-parent\" data-id=\"f21dd98\" data-element_type=\"container\" data-e-type=\"container\" data-settings=\"{&quot;background_background&quot;:&quot;classic&quot;}\">\n\t\t\t\t\t<div class=\"e-con-inner\">\n\t\t\t\t<div class=\"elementor-element elementor-element-5e6b2d9 elementor-widget__width-initial elementor-widget elementor-widget-heading\" data-id=\"5e6b2d9\" data-element_type=\"widget\" data-e-type=\"widget\" data-widget_type=\"heading.default\">\n\t\t\t\t<div class=\"elementor-widget-container\">\n\t\t\t\t\t<h2 class=\"elementor-heading-title elementor-size-default\">Blog<\/h2>\t\t\t\t<\/div>\n\t\t\t\t<\/div>\n\t\t\t\t<div class=\"elementor-element elementor-element-3a908ce elementor-widget__width-initial elementor-absolute elementor-widget elementor-widget-image\" data-id=\"3a908ce\" data-element_type=\"widget\" data-e-type=\"widget\" data-settings=\"{&quot;_position&quot;:&quot;absolute&quot;}\" data-widget_type=\"image.default\">\n\t\t\t\t<div class=\"elementor-widget-container\">\n\t\t\t\t\t\t\t\t\t\t\t\t\t\t\t<img decoding=\"async\" width=\"175\" height=\"118\" src=\"https:\/\/clinicanow.pt\/wp-content\/uploads\/2025\/01\/Objeto-inteligente-vectorial-negro.png\" class=\"attachment-large size-large wp-image-65\" alt=\"\" \/>\t\t\t\t\t\t\t\t\t\t\t\t\t\t\t<\/div>\n\t\t\t\t<\/div>\n\t\t\t\t<div class=\"elementor-element elementor-element-b714672 elementor-widget__width-initial elementor-hidden-desktop elementor-hidden-tablet elementor-hidden-mobile elementor-widget elementor-widget-heading\" data-id=\"b714672\" data-element_type=\"widget\" data-e-type=\"widget\" data-widget_type=\"heading.default\">\n\t\t\t\t<div class=\"elementor-widget-container\">\n\t\t\t\t\t<h2 class=\"elementor-heading-title elementor-size-default\">Un equipo m\u00e9dico con amplia experiencia en el \u00e1rea<br>\nActualizado en las t\u00e9cnicas m\u00e1s vanguardistas\n<\/h2>\t\t\t\t<\/div>\n\t\t\t\t<\/div>\n\t\t\t\t\t<\/div>\n\t\t\t\t<\/div>\n\t\t<div class=\"elementor-element elementor-element-2c649c6 e-flex e-con-boxed e-con e-child\" data-id=\"2c649c6\" data-element_type=\"container\" data-e-type=\"container\" data-settings=\"{&quot;background_background&quot;:&quot;classic&quot;}\">\n\t\t\t\t\t<div class=\"e-con-inner\">\n\t\t\t\t<div class=\"elementor-element elementor-element-88452f4 elementor-widget elementor-widget-qi_addons_for_elementor_blog_list\" data-id=\"88452f4\" data-element_type=\"widget\" data-e-type=\"widget\" data-widget_type=\"qi_addons_for_elementor_blog_list.default\">\n\t\t\t\t<div class=\"elementor-widget-container\">\n\t\t\t\t\t<div class=\"qodef-shortcode qodef-m qodef-addons-blog-list qodef-info-no-icons qodef-image--hover-zoom qodef-qi-grid qodef-layout--qi-columns qodef-col-num--3 qodef-item-layout--boxed qodef-responsive--predefined\" >\n\t<div class=\"qodef-grid-inner\">\n\t\t<article class=\"qodef-e qodef-blog-item qodef-grid-item qodef-item--full post-1 post type-post status-publish format-standard has-post-thumbnail hentry category-sin-categoria\">\n\t<div class=\"qodef-e-inner\">\n\t\t<div class=\"qodef-e-media-holder\">\n\t\t\t<div class=\"qodef-e-media\">\n\t\t<div class=\"qodef-e-media-image\">\n\t\t<a itemprop=\"url\" href=\"https:\/\/clinicanow.pt\/es\/2025\/01\/13\/hola-mundo\/\">\n\t\t\t<img fetchpriority=\"high\" decoding=\"async\" width=\"768\" height=\"834\" src=\"https:\/\/clinicanow.pt\/wp-content\/uploads\/2025\/07\/Grupo-9.jpg\" class=\"attachment-full size-full\" alt=\"\" srcset=\"https:\/\/clinicanow.pt\/wp-content\/uploads\/2025\/07\/Grupo-9.jpg 768w, https:\/\/clinicanow.pt\/wp-content\/uploads\/2025\/07\/Grupo-9-600x652.jpg 600w, https:\/\/clinicanow.pt\/wp-content\/uploads\/2025\/07\/Grupo-9-276x300.jpg 276w, https:\/\/clinicanow.pt\/wp-content\/uploads\/2025\/07\/Grupo-9-700x760.jpg 700w\" sizes=\"(max-width: 768px) 100vw, 768px\" \/>\t\t<\/a>\n\t\t\t<\/div>\n<\/div>\n\t\t<\/div>\n\t\t<div class=\"qodef-e-content\">\n\t\t\t\t\t\t<div class=\"qodef-e-text\">\n\t\t\t\t<h5 itemprop=\"name\" class=\"qodef-e-title entry-title\">\n\t<a itemprop=\"url\" class=\"qodef-e-title-link\" href=\"https:\/\/clinicanow.pt\/es\/2025\/01\/13\/hola-mundo\/\">\n\t\t\u00a1Hola, mundo!\t<\/a>\n<\/h5>\n\t\t<p itemprop=\"description\" class=\"qodef-e-excerpt\">\n\t\t\tTe damos la bienvenida a WordPress. Esta es tu primera entrada. Ed\u00edtala o b\u00f3rrala, \u00a1luego empieza a escribir!\t\t<\/p>\n\t\t\t\t<\/div>\n\t\t\t\t\t\t\t<div class=\"qodef-e-info qodef-info--bottom\">\n\t\t\t\t\t\t<div class=\"qodef-e-read-more\">\n\t\t<a class=\"qodef-shortcode qodef-m qodef-qi-button qodef-html--link qodef-layout--textual qodef-type--standard qodef-icon--right qodef-hover--icon-move-horizontal-short\" href=\"https:\/\/clinicanow.pt\/es\/2025\/01\/13\/hola-mundo\/\" target=\"_self\">\t<span class=\"qodef-m-text\">Read More<\/span>\t<\/a>\t<\/div>\n\t\t\t\t<\/div>\n\t\t\t\t\t<\/div>\n\t<\/div>\n<\/article>\n\t<\/div>\n\t<\/div>\n\t\t\t\t<\/div>\n\t\t\t\t<\/div>\n\t\t\t\t\t<\/div>\n\t\t\t\t<\/div>\n\t\t\t\t<\/div>\n\t\t","protected":false},"excerpt":{"rendered":"<p>Blog Un equipo m\u00e9dico con amplia experiencia en el \u00e1rea Actualizado en las t\u00e9cnicas m\u00e1s vanguardistas \u00a1Hola, mundo! Te damos la bienvenida a WordPress. Esta es tu primera entrada. Ed\u00edtala o b\u00f3rrala, \u00a1luego empieza a escribir! Read More<\/p>\n","protected":false},"author":1,"featured_media":0,"parent":0,"menu_order":0,"comment_status":"closed","ping_status":"closed","template":"elementor_header_footer","meta":{"_joinchat":[],"footnotes":""},"class_list":["post-764","page","type-page","status-publish","hentry"],"_links":{"self":[{"href":"https:\/\/clinicanow.pt\/es\/wp-json\/wp\/v2\/pages\/764","targetHints":{"allow":["GET"]}}],"collection":[{"href":"https:\/\/clinicanow.pt\/es\/wp-json\/wp\/v2\/pages"}],"about":[{"href":"https:\/\/clinicanow.pt\/es\/wp-json\/wp\/v2\/types\/page"}],"author":[{"embeddable":true,"href":"https:\/\/clinicanow.pt\/es\/wp-json\/wp\/v2\/users\/1"}],"replies":[{"embeddable":true,"href":"https:\/\/clinicanow.pt\/es\/wp-json\/wp\/v2\/comments?post=764"}],"version-history":[{"count":3,"href":"https:\/\/clinicanow.pt\/es\/wp-json\/wp\/v2\/pages\/764\/revisions"}],"predecessor-version":[{"id":775,"href":"https:\/\/clinicanow.pt\/es\/wp-json\/wp\/v2\/pages\/764\/revisions\/775"}],"wp:attachment":[{"href":"https:\/\/clinicanow.pt\/es\/wp-json\/wp\/v2\/media?parent=764"}],"curies":[{"name":"wp","href":"https:\/\/api.w.org\/{rel}","templated":true}]}}